{"id":78687,"date":"2023-03-31T18:28:41","date_gmt":"2023-03-31T18:28:41","guid":{"rendered":"https:\/\/airbnbee.com.br\/?page_id=78687"},"modified":"2024-10-25T16:56:17","modified_gmt":"2024-10-25T16:56:17","slug":"livro-coisas-abelhudas-que-todo-mundo-precisa-saber","status":"publish","type":"page","link":"https:\/\/airbnbee.com.br\/index.php\/livro-coisas-abelhudas-que-todo-mundo-precisa-saber\/","title":{"rendered":"Livro Coisas Abelhudas que todo mundo precisa saber"},"content":{"rendered":"\t\t<div data-elementor-type=\"wp-page\" data-elementor-id=\"78687\" class=\"elementor elementor-78687\">\n\t\t\t\t\t\t\t\t\t<section class=\"elementor-section elementor-top-section elementor-element elementor-element-6786ecbb elementor-section-boxed elementor-section-height-default elementor-section-height-default\" data-id=\"6786ecbb\" data-element_type=\"section\">\n\t\t\t\t\t\t<div class=\"elementor-container elementor-column-gap-default\">\n\t\t\t\t\t<div class=\"elementor-column elementor-col-100 elementor-top-column elementor-element elementor-element-66e4fc38\" data-id=\"66e4fc38\" data-element_type=\"column\">\n\t\t\t<div class=\"elementor-widget-wrap elementor-element-populated\">\n\t\t\t\t\t\t\t\t<div class=\"elementor-element elementor-element-1a01c15 elementor-widget elementor-widget-heading\" data-id=\"1a01c15\" data-element_type=\"widget\" data-widget_type=\"heading.default\">\n\t\t\t\t<div class=\"elementor-widget-container\">\n\t\t\t<h2 class=\"elementor-heading-title elementor-size-default\">Produtos<\/h2>\t\t<\/div>\n\t\t\t\t<\/div>\n\t\t\t\t\t<\/div>\n\t\t<\/div>\n\t\t\t\t\t\t\t<\/div>\n\t\t<\/section>\n\t\t\t\t<section class=\"elementor-section elementor-top-section elementor-element elementor-element-2e4e158c elementor-section-boxed elementor-section-height-default elementor-section-height-default\" data-id=\"2e4e158c\" data-element_type=\"section\" data-settings=\"{&quot;background_background&quot;:&quot;classic&quot;}\">\n\t\t\t\t\t\t<div class=\"elementor-container elementor-column-gap-wider\">\n\t\t\t\t\t<div class=\"elementor-column elementor-col-50 elementor-top-column elementor-element elementor-element-29f2d9ce\" data-id=\"29f2d9ce\" data-element_type=\"column\">\n\t\t\t<div class=\"elementor-widget-wrap elementor-element-populated\">\n\t\t\t\t\t\t\t\t<div class=\"elementor-element elementor-element-438a9a78 elementor-widget-tablet__width-inherit elementor-widget elementor-widget-image\" data-id=\"438a9a78\" data-element_type=\"widget\" data-widget_type=\"image.default\">\n\t\t\t\t<div class=\"elementor-widget-container\">\n\t\t\t\t\t\t\t\t\t\t\t\t\t\t\t<img decoding=\"async\" src=\"https:\/\/airbnbee.com.br\/wp-content\/uploads\/elementor\/thumbs\/c17-qvulcl0sdfbs5r6u5qkvyf4n2du42cumifq23qoj8w.jpg\" title=\"c17\" alt=\"c17\" \/>\t\t\t\t\t\t\t\t\t\t\t\t\t\t\t<\/div>\n\t\t\t\t<\/div>\n\t\t\t\t\t<\/div>\n\t\t<\/div>\n\t\t\t\t<div class=\"elementor-column elementor-col-50 elementor-top-column elementor-element elementor-element-2c471c2f\" data-id=\"2c471c2f\" data-element_type=\"column\">\n\t\t\t<div class=\"elementor-widget-wrap elementor-element-populated\">\n\t\t\t\t\t\t\t\t<div class=\"elementor-element elementor-element-31819185 elementor-widget elementor-widget-heading\" data-id=\"31819185\" data-element_type=\"widget\" data-widget_type=\"heading.default\">\n\t\t\t\t<div class=\"elementor-widget-container\">\n\t\t\t<h4 class=\"elementor-heading-title elementor-size-default\"> Livro -  Coisas Abelhudas que todo mundo precisa saber<\/h4>\t\t<\/div>\n\t\t\t\t<\/div>\n\t\t\t\t<div class=\"elementor-element elementor-element-2be72b9f elementor-widget elementor-widget-heading\" data-id=\"2be72b9f\" data-element_type=\"widget\" data-widget_type=\"heading.default\">\n\t\t\t\t<div class=\"elementor-widget-container\">\n\t\t\t<h2 class=\"elementor-heading-title elementor-size-default\"><p style=\"margin-bottom: 0px; font-variant-numeric: normal; font-variant-east-asian: normal; font-variant-alternates: normal; font-size-adjust: none; font-kerning: auto; font-optical-sizing: auto; font-feature-settings: normal; font-variation-settings: normal; font-variant-position: normal; font-stretch: normal; font-size: 19px; line-height: normal; font-family: Helvetica; color: rgb(0, 0, 0); letter-spacing: normal; white-space-collapse: collapse;\">Wanda Ziviani Alc\u00e2ntara<span style=\"color: var(--the7-h2-color); font-family: var( --e-global-typography-el_title_4-font-family ), sans-serif; font-size: var( --e-global-typography-el_title_4-font-size ); font-weight: var( --e-global-typography-el_title_4-font-weight ); letter-spacing: var( --e-global-typography-el_title_4-letter-spacing ); text-transform: var( --e-global-typography-el_title_4-text-transform ); word-spacing: var( --e-global-typography-el_title_4-word-spacing ); white-space-collapse: preserve; background-color: var( --e-global-color-el_color_0 );\"><\/span><\/p><\/h2>\t\t<\/div>\n\t\t\t\t<\/div>\n\t\t\t\t<div class=\"elementor-element elementor-element-6d7213f7 elementor-widget elementor-widget-spacer\" data-id=\"6d7213f7\" data-element_type=\"widget\" data-widget_type=\"spacer.default\">\n\t\t\t\t<div class=\"elementor-widget-container\">\n\t\t\t\t\t<div class=\"elementor-spacer\">\n\t\t\t<div class=\"elementor-spacer-inner\"><\/div>\n\t\t<\/div>\n\t\t\t\t<\/div>\n\t\t\t\t<\/div>\n\t\t\t\t<div class=\"elementor-element elementor-element-6a9df951 elementor-widget elementor-widget-text-editor\" data-id=\"6a9df951\" data-element_type=\"widget\" data-widget_type=\"text-editor.default\">\n\t\t\t\t<div class=\"elementor-widget-container\">\n\t\t\t\t\t\t\t<p class=\"p1\">Coisas Abelhudas que todo mundo precisa saber: Duvido algu\u00e9m ler esse livro e n\u00e3o se surpreender! Abelha azul, abelha no surf, abelha dorminhoca, mel colorido, como assim? Nesse livro voc\u00ea pode acessar v\u00eddeos com estas e outras curiosidades sobre as abelhas, usando os QRCodes. Um livro de Wanda Ziviani Alc\u00e2ntara do @conex\u00e3oabelhudos .<\/p>\t\t\t\t\t\t<\/div>\n\t\t\t\t<\/div>\n\t\t\t\t<div class=\"elementor-element elementor-element-58dedbfa elementor-widget elementor-widget-spacer\" data-id=\"58dedbfa\" data-element_type=\"widget\" data-widget_type=\"spacer.default\">\n\t\t\t\t<div class=\"elementor-widget-container\">\n\t\t\t\t\t<div class=\"elementor-spacer\">\n\t\t\t<div class=\"elementor-spacer-inner\"><\/div>\n\t\t<\/div>\n\t\t\t\t<\/div>\n\t\t\t\t<\/div>\n\t\t\t\t<div class=\"elementor-element elementor-element-1b44b2b7 elementor-widget elementor-widget-price-list\" data-id=\"1b44b2b7\" data-element_type=\"widget\" data-widget_type=\"price-list.default\">\n\t\t\t\t<div class=\"elementor-widget-container\">\n\t\t\t\n\t\t<ul class=\"elementor-price-list\">\n\n\t\t\t\t\t\t\t\t\t<li class=\"elementor-price-list-item\">\t\t\t\t\n\t\t\t\t<div class=\"elementor-price-list-text\">\n\t\t\t\t\t\t\t\t\t<div class=\"elementor-price-list-header\">\n\t\t\t\t\t\t\t\t\t\t\t<span class=\"elementor-price-list-title\">\n\t\t\t\t\t\t\tLivro Coisas Abelhudas que todo mundo precisa saber\t\t\t\t\t\t<\/span>\n\t\t\t\t\t\t\t\t\t\t\t\t\t\t\t\t\t\t<span class=\"elementor-price-list-separator\"><\/span>\n\t\t\t\t\t\t\t\t\t\t\t\t\t\t\t\t\t\t\t<span class=\"elementor-price-list-price\">R$ 55,00<\/span>\n\t\t\t\t\t\t\t\t\t\t<\/div>\n\t\t\t\t\t\t\t\t\t\t\t\t<\/div>\n\t\t\t\t<\/li>\t\t\t\t\t\n\t\t<\/ul>\n\n\t\t\t\t<\/div>\n\t\t\t\t<\/div>\n\t\t\t\t<div class=\"elementor-element elementor-element-610b9773 elementor-widget elementor-widget-spacer\" data-id=\"610b9773\" data-element_type=\"widget\" data-widget_type=\"spacer.default\">\n\t\t\t\t<div class=\"elementor-widget-container\">\n\t\t\t\t\t<div class=\"elementor-spacer\">\n\t\t\t<div class=\"elementor-spacer-inner\"><\/div>\n\t\t<\/div>\n\t\t\t\t<\/div>\n\t\t\t\t<\/div>\n\t\t\t\t<div class=\"elementor-element elementor-element-68f68c39 elementor-widget__width-auto elementor-widget-mobile__width-inherit elementor-mobile-align-center elementor-widget elementor-widget-the7_button_widget\" data-id=\"68f68c39\" data-element_type=\"widget\" data-widget_type=\"the7_button_widget.default\">\n\t\t\t\t<div class=\"elementor-widget-container\">\n\t\t\t<div class=\"elementor-button-wrapper\"><a href=\"https:\/\/api.whatsapp.com\/send?phone=5519991481931\" target=\"_blank\" class=\"box-button elementor-button elementor-size-lg\">(19) 99148.1931<i aria-hidden=\"true\" class=\"elementor-button-icon fab fa-whatsapp\"><\/i><\/a><\/div>\t\t<\/div>\n\t\t\t\t<\/div>\n\t\t\t\t\t<\/div>\n\t\t<\/div>\n\t\t\t\t\t\t\t<\/div>\n\t\t<\/section>\n\t\t\t\t<section class=\"elementor-section elementor-top-section elementor-element elementor-element-397a5cf elementor-section-boxed elementor-section-height-default elementor-section-height-default\" data-id=\"397a5cf\" data-element_type=\"section\" data-settings=\"{&quot;background_background&quot;:&quot;classic&quot;}\">\n\t\t\t\t\t\t<div class=\"elementor-container elementor-column-gap-wider\">\n\t\t\t\t\t<div class=\"elementor-column elementor-col-100 elementor-top-column elementor-element elementor-element-7b752fd\" data-id=\"7b752fd\" data-element_type=\"column\">\n\t\t\t<div class=\"elementor-widget-wrap elementor-element-populated\">\n\t\t\t\t\t\t\t\t<div class=\"elementor-element elementor-element-21d77de9 elementor-widget elementor-widget-heading\" data-id=\"21d77de9\" data-element_type=\"widget\" data-widget_type=\"heading.default\">\n\t\t\t\t<div class=\"elementor-widget-container\">\n\t\t\t<h2 class=\"elementor-heading-title elementor-size-default\">Veja Tamb\u00e9m<\/h2>\t\t<\/div>\n\t\t\t\t<\/div>\n\t\t\t\t<div class=\"elementor-element elementor-element-203b2533 elementor-widget elementor-widget-spacer\" data-id=\"203b2533\" data-element_type=\"widget\" data-widget_type=\"spacer.default\">\n\t\t\t\t<div class=\"elementor-widget-container\">\n\t\t\t\t\t<div class=\"elementor-spacer\">\n\t\t\t<div class=\"elementor-spacer-inner\"><\/div>\n\t\t<\/div>\n\t\t\t\t<\/div>\n\t\t\t\t<\/div>\n\t\t\t\t<div class=\"elementor-element elementor-element-d6bb762 arrows-relative-to-box_area slider-layout_1 slide-h-position-center elementor-widget elementor-widget-the7_content_carousel\" data-id=\"d6bb762\" data-element_type=\"widget\" data-widget_type=\"the7_content_carousel.default\">\n\t\t\t\t<div class=\"elementor-widget-container\">\n\t\t\t<div class=\"carousel-nav-display-hover carousel-nav-display-tablet-always carousel-nav-display-mobile-always owl-carousel text-and-icon-carousel elementor-owl-carousel-call the7-elementor-widget the7_content_carousel-d6bb762 bullets-small-dot-stroke\" data-arrows=\"true\" data-arrows_tablet=\"true\" data-arrows_mobile=\"true\" data-scroll-mode=\"1\" data-col-num=\"4\" data-wide-col-num=\"\" data-laptop-col=\"2\" data-h-tablet-columns-num=\"2\" data-v-tablet-columns-num=\"2\" data-phone-columns-num=\"1\" data-auto-height=\"false\" data-col-gap=\"30\" data-col-gap-tablet=\"\" data-col-gap-mobile=\"\" data-speed=\"600\" data-autoplay=\"false\" data-autoplay_speed=\"\" data-bullet=\"y\" data-bullet_tablet=\"\" data-bullet_mobile=\"\"><a  class=\"dt-owl-item-wrap box-hover box-hover\"  href=\"https:\/\/airbnbee.com.br\/index.php\/mel-de-tiuba\/\"><div class=\"dt-owl-item-inner \"><div  class=\"dt-owl-item-image\"> <img decoding=\"async\" loading=\"lazy\" class=\"preload-me lazy-load\" src=\"data:image\/svg+xml,%3Csvg%20xmlns%3D&#39;http%3A%2F%2Fwww.w3.org%2F2000%2Fsvg&#39;%20viewBox%3D&#39;0%200%20360%20360&#39;%2F%3E\" data-src=\"https:\/\/airbnbee.com.br\/wp-content\/uploads\/2023\/03\/b1-360x360.jpg\" data-srcset=\"https:\/\/airbnbee.com.br\/wp-content\/uploads\/2023\/03\/b1-360x360.jpg 360w\" alt=\"\" title=\"b1\" width=\"360\" height=\"360\"  \/><\/div><h6  class=\"dt-owl-item-heading\">Mel de Ti\u00faba<\/h6><div class=\"dt-owl-item-description\">Mel de abelha nativa produzido no estado do Maranh\u00e3o <\/div><div class=\"dt-slide-button box-button elementor-button elementor-size-sm\">Veja mais<\/div><\/div><\/a><a  class=\"dt-owl-item-wrap box-hover box-hover\"  href=\"https:\/\/airbnbee.com.br\/index.php\/mel-de-jatai\/\"><div class=\"dt-owl-item-inner \"><div  class=\"dt-owl-item-image\"> <img decoding=\"async\" loading=\"lazy\" class=\"preload-me lazy-load\" src=\"data:image\/svg+xml,%3Csvg%20xmlns%3D&#39;http%3A%2F%2Fwww.w3.org%2F2000%2Fsvg&#39;%20viewBox%3D&#39;0%200%20600%20600&#39;%2F%3E\" data-src=\"https:\/\/airbnbee.com.br\/wp-content\/uploads\/2024\/10\/c26-1-600x600.jpg\" data-srcset=\"https:\/\/airbnbee.com.br\/wp-content\/uploads\/2024\/10\/c26-1-600x600.jpg 600w\" alt=\"\" title=\"c26\" width=\"600\" height=\"600\"  \/><\/div><h6  class=\"dt-owl-item-heading\">Mel de Jata\u00ed<\/h6><div class=\"dt-owl-item-description\">Mel de abelha nativa produzido em S\u00e3o Paulo <\/div><div class=\"dt-slide-button box-button elementor-button elementor-size-sm\">Veja mais<\/div><\/div><\/a><a  class=\"dt-owl-item-wrap box-hover box-hover\"  href=\"https:\/\/airbnbee.com.br\/index.php\/mel-de-mandacaia\/\"><div class=\"dt-owl-item-inner \"><div  class=\"dt-owl-item-image\"> <img decoding=\"async\" loading=\"lazy\" class=\"preload-me lazy-load\" src=\"data:image\/svg+xml,%3Csvg%20xmlns%3D&#39;http%3A%2F%2Fwww.w3.org%2F2000%2Fsvg&#39;%20viewBox%3D&#39;0%200%20600%20600&#39;%2F%3E\" data-src=\"https:\/\/airbnbee.com.br\/wp-content\/uploads\/2024\/10\/c25-600x600.jpg\" data-srcset=\"https:\/\/airbnbee.com.br\/wp-content\/uploads\/2024\/10\/c25-600x600.jpg 600w\" alt=\"\" title=\"c25\" width=\"600\" height=\"600\"  \/><\/div><h6  class=\"dt-owl-item-heading\">Mel de Manda\u00e7aia<\/h6><div class=\"dt-owl-item-description\">Mel de abelha nativa produzido produzido na Bahia em regi\u00e3o de Caatinga<\/div><div class=\"dt-slide-button box-button elementor-button elementor-size-sm\">Veja mais<\/div><\/div><\/a><a  class=\"dt-owl-item-wrap box-hover box-hover\"  href=\"https:\/\/airbnbee.com.br\/index.php\/extrato-de-propolis-de-mandacaia\/\"><div class=\"dt-owl-item-inner \"><div  class=\"dt-owl-item-image\"> <img decoding=\"async\" loading=\"lazy\" class=\"preload-me lazy-load\" src=\"data:image\/svg+xml,%3Csvg%20xmlns%3D&#39;http%3A%2F%2Fwww.w3.org%2F2000%2Fsvg&#39;%20viewBox%3D&#39;0%200%20600%20600&#39;%2F%3E\" data-src=\"https:\/\/airbnbee.com.br\/wp-content\/uploads\/2024\/10\/c21-600x600.jpg\" data-srcset=\"https:\/\/airbnbee.com.br\/wp-content\/uploads\/2024\/10\/c21-600x600.jpg 600w\" alt=\"\" title=\"c21\" width=\"600\" height=\"600\"  \/><\/div><h6  class=\"dt-owl-item-heading\">Extrato de Pr\u00f3polis de Abelhas Nativas Sem Ferr\u00e3o<\/h6><div class=\"dt-owl-item-description\">Extrato alco\u00f3lico de pr\u00f3polis de abelhas sem ferr\u00e3o. Consulte a disponibilidade<\/div><div class=\"dt-slide-button box-button elementor-button elementor-size-sm\">Veja mais<\/div><\/div><\/a><a  class=\"dt-owl-item-wrap box-hover box-hover\"  href=\"https:\/\/airbnbee.com.br\/index.php\/caixa-para-jatai\/\"><div class=\"dt-owl-item-inner \"><div  class=\"dt-owl-item-image\"> <img decoding=\"async\" loading=\"lazy\" class=\"preload-me lazy-load\" src=\"data:image\/svg+xml,%3Csvg%20xmlns%3D&#39;http%3A%2F%2Fwww.w3.org%2F2000%2Fsvg&#39;%20viewBox%3D&#39;0%200%20600%20600&#39;%2F%3E\" data-src=\"https:\/\/airbnbee.com.br\/wp-content\/uploads\/2024\/10\/c27-600x600.jpg\" data-srcset=\"https:\/\/airbnbee.com.br\/wp-content\/uploads\/2024\/10\/c27-600x600.jpg 600w\" alt=\"\" title=\"c27\" width=\"600\" height=\"600\"  \/><\/div><h6  class=\"dt-owl-item-heading\">Caixa para Jata\u00ed<\/h6><div class=\"dt-owl-item-description\">Caixa INPA 12x12 cm<\/div><div class=\"dt-slide-button box-button elementor-button elementor-size-sm\">Veja mais<\/div><\/div><\/a><a  class=\"dt-owl-item-wrap box-hover box-hover\"  href=\"https:\/\/airbnbee.com.br\/index.php\/caixa-para-abelha-das-orquideas\/\"><div class=\"dt-owl-item-inner \"><div  class=\"dt-owl-item-image\"> <img decoding=\"async\" loading=\"lazy\" class=\"preload-me lazy-load\" src=\"data:image\/svg+xml,%3Csvg%20xmlns%3D&#39;http%3A%2F%2Fwww.w3.org%2F2000%2Fsvg&#39;%20viewBox%3D&#39;0%200%20600%20600&#39;%2F%3E\" data-src=\"https:\/\/airbnbee.com.br\/wp-content\/uploads\/2024\/10\/c13-600x600.jpg\" data-srcset=\"https:\/\/airbnbee.com.br\/wp-content\/uploads\/2024\/10\/c13-600x600.jpg 600w\" alt=\"\" title=\"c13\" width=\"600\" height=\"600\"  \/><\/div><h6  class=\"dt-owl-item-heading\">Caixa para Abelha das Orqu\u00eddeas<\/h6><div class=\"dt-owl-item-description\">Caixa para as abelhas solit\u00e1rias <\/div><div class=\"dt-slide-button box-button elementor-button elementor-size-sm\">Veja mais<\/div><\/div><\/a><a  class=\"dt-owl-item-wrap box-hover box-hover\"  href=\"https:\/\/airbnbee.com.br\/index.php\/solucao-atrativa-para-abelhas-sem-ferrao\/\"><div class=\"dt-owl-item-inner \"><div  class=\"dt-owl-item-image\"> <img decoding=\"async\" loading=\"lazy\" class=\"preload-me lazy-load\" src=\"data:image\/svg+xml,%3Csvg%20xmlns%3D&#39;http%3A%2F%2Fwww.w3.org%2F2000%2Fsvg&#39;%20viewBox%3D&#39;0%200%20600%20600&#39;%2F%3E\" data-src=\"https:\/\/airbnbee.com.br\/wp-content\/uploads\/2024\/10\/c15-600x600.jpg\" data-srcset=\"https:\/\/airbnbee.com.br\/wp-content\/uploads\/2024\/10\/c15-600x600.jpg 600w\" alt=\"\" title=\"c15\" width=\"600\" height=\"600\"  \/><\/div><h6  class=\"dt-owl-item-heading\">Solu\u00e7\u00e3o Atrativa para Abelhas Sem Ferr\u00e3o<\/h6><div class=\"dt-owl-item-description\">Atrativo para capturar abelhas sem ferr\u00e3o<\/div><div class=\"dt-slide-button box-button elementor-button elementor-size-sm\">Veja mais<\/div><\/div><\/a><a  class=\"dt-owl-item-wrap box-hover box-hover\"  href=\"https:\/\/airbnbee.com.br\/index.php\/livro-passiflora\/\"><div class=\"dt-owl-item-inner \"><div  class=\"dt-owl-item-image\"> <img decoding=\"async\" loading=\"lazy\" class=\"preload-me lazy-load\" src=\"data:image\/svg+xml,%3Csvg%20xmlns%3D&#39;http%3A%2F%2Fwww.w3.org%2F2000%2Fsvg&#39;%20viewBox%3D&#39;0%200%20600%20600&#39;%2F%3E\" data-src=\"https:\/\/airbnbee.com.br\/wp-content\/uploads\/2024\/10\/c16-600x600.jpg\" data-srcset=\"https:\/\/airbnbee.com.br\/wp-content\/uploads\/2024\/10\/c16-600x600.jpg 600w\" alt=\"\" title=\"c16\" width=\"600\" height=\"600\"  \/><\/div><h6  class=\"dt-owl-item-heading\">Livro - Passiflora<\/h6><div class=\"dt-owl-item-description\">Autora Rosane Giroto Meirelles<\/div><div class=\"dt-slide-button box-button elementor-button elementor-size-sm\">Veja mais<\/div><\/div><\/a><a  class=\"dt-owl-item-wrap box-hover box-hover\"  href=\"https:\/\/airbnbee.com.br\/index.php\/livro-coisas-abelhudas-que-todo-mundo-precisa-saber\/\"><div class=\"dt-owl-item-inner \"><div  class=\"dt-owl-item-image\"> <img decoding=\"async\" loading=\"lazy\" class=\"preload-me lazy-load\" src=\"data:image\/svg+xml,%3Csvg%20xmlns%3D&#39;http%3A%2F%2Fwww.w3.org%2F2000%2Fsvg&#39;%20viewBox%3D&#39;0%200%20600%20600&#39;%2F%3E\" data-src=\"https:\/\/airbnbee.com.br\/wp-content\/uploads\/2024\/10\/c17-600x600.jpg\" data-srcset=\"https:\/\/airbnbee.com.br\/wp-content\/uploads\/2024\/10\/c17-600x600.jpg 600w\" alt=\"\" title=\"c17\" width=\"600\" height=\"600\"  \/><\/div><h6  class=\"dt-owl-item-heading\">Livro - Coisas Abelhudas que todo mundo precisa saber<\/h6><div class=\"dt-owl-item-description\">Autora Dr. Genna Sousa <\/div><div class=\"dt-slide-button box-button elementor-button elementor-size-sm\">Veja mais<\/div><\/div><\/a><a  class=\"dt-owl-item-wrap box-hover box-hover\"  href=\"https:\/\/airbnbee.com.br\/index.php\/cartoes-ilustrados-rainhas-da-floresta\/\"><div class=\"dt-owl-item-inner \"><div  class=\"dt-owl-item-image\"> <img decoding=\"async\" loading=\"lazy\" class=\"preload-me lazy-load\" src=\"data:image\/svg+xml,%3Csvg%20xmlns%3D&#39;http%3A%2F%2Fwww.w3.org%2F2000%2Fsvg&#39;%20viewBox%3D&#39;0%200%20600%20600&#39;%2F%3E\" data-src=\"https:\/\/airbnbee.com.br\/wp-content\/uploads\/2024\/10\/c18-600x600.jpg\" data-srcset=\"https:\/\/airbnbee.com.br\/wp-content\/uploads\/2024\/10\/c18-600x600.jpg 600w\" alt=\"\" title=\"c18\" width=\"600\" height=\"600\"  \/><\/div><h6  class=\"dt-owl-item-heading\">Rainhas da Floresta<\/h6><div class=\"dt-owl-item-description\">Cart\u00f5es ilustrados e informativos das Abelhas Nativas<\/div><div class=\"dt-slide-button box-button elementor-button elementor-size-sm\">Veja mais<\/div><\/div><\/a><a  class=\"dt-owl-item-wrap box-hover box-hover\"  href=\"https:\/\/airbnbee.com.br\/index.php\/mel-de-urucu-amarela\/\"><div class=\"dt-owl-item-inner \"><div  class=\"dt-owl-item-image\"> <img decoding=\"async\" loading=\"lazy\" class=\"preload-me lazy-load\" src=\"data:image\/svg+xml,%3Csvg%20xmlns%3D&#39;http%3A%2F%2Fwww.w3.org%2F2000%2Fsvg&#39;%20viewBox%3D&#39;0%200%20600%20600&#39;%2F%3E\" data-src=\"https:\/\/airbnbee.com.br\/wp-content\/uploads\/2024\/10\/c30-600x600.jpg\" data-srcset=\"https:\/\/airbnbee.com.br\/wp-content\/uploads\/2024\/10\/c30-600x600.jpg 600w\" alt=\"\" title=\"c30\" width=\"600\" height=\"600\"  \/><\/div><h6  class=\"dt-owl-item-heading\">Mel de Uru\u00e7u-Amarela<\/h6><div class=\"dt-owl-item-description\"> Mel de abelha nativa produzido no estado do Par\u00e1<\/div><div class=\"dt-slide-button box-button elementor-button elementor-size-sm\">Veja mais<\/div><\/div><\/a><a  class=\"dt-owl-item-wrap box-hover box-hover\"  href=\"https:\/\/airbnbee.com.br\/index.php\/mel-de-urucu-nordestina\/\"><div class=\"dt-owl-item-inner \"><div  class=\"dt-owl-item-image\"> <img decoding=\"async\" loading=\"lazy\" class=\"preload-me lazy-load\" src=\"data:image\/svg+xml,%3Csvg%20xmlns%3D&#39;http%3A%2F%2Fwww.w3.org%2F2000%2Fsvg&#39;%20viewBox%3D&#39;0%200%20600%20600&#39;%2F%3E\" data-src=\"https:\/\/airbnbee.com.br\/wp-content\/uploads\/2024\/10\/c20-600x600.jpg\" data-srcset=\"https:\/\/airbnbee.com.br\/wp-content\/uploads\/2024\/10\/c20-600x600.jpg 600w\" alt=\"\" title=\"c20\" width=\"600\" height=\"600\"  \/><\/div><h6  class=\"dt-owl-item-heading\">Mel de Uru\u00e7u-Nordestina<\/h6><div class=\"dt-owl-item-description\"> Mel de abelha nativa produzido na Bahia em regi\u00e3o de Mata Atl\u00e2ntica<\/div><div class=\"dt-slide-button box-button elementor-button elementor-size-sm\">Veja mais<\/div><\/div><\/a><a  class=\"dt-owl-item-wrap box-hover box-hover\"  href=\"https:\/\/airbnbee.com.br\/index.php\/mel-de-mandaguari\/\"><div class=\"dt-owl-item-inner \"><div  class=\"dt-owl-item-image\"> <img decoding=\"async\" loading=\"lazy\" class=\"preload-me lazy-load\" src=\"data:image\/svg+xml,%3Csvg%20xmlns%3D&#39;http%3A%2F%2Fwww.w3.org%2F2000%2Fsvg&#39;%20viewBox%3D&#39;0%200%20600%20600&#39;%2F%3E\" data-src=\"https:\/\/airbnbee.com.br\/wp-content\/uploads\/2024\/10\/c22-1-600x600.jpg\" data-srcset=\"https:\/\/airbnbee.com.br\/wp-content\/uploads\/2024\/10\/c22-1-600x600.jpg 600w\" alt=\"\" title=\"c22\" width=\"600\" height=\"600\"  \/><\/div><h6  class=\"dt-owl-item-heading\">Mel de Mandaguari<\/h6><div class=\"dt-owl-item-description\">Mel de abelha nativa produzido no distrito de Bar\u00e3o Geraldo, Campinas, SP<\/div><div class=\"dt-slide-button box-button elementor-button elementor-size-sm\">Veja mais<\/div><\/div><\/a><a  class=\"dt-owl-item-wrap box-hover box-hover\"  href=\"https:\/\/airbnbee.com.br\/index.php\/mel-de-jandaira\/\"><div class=\"dt-owl-item-inner \"><div  class=\"dt-owl-item-image\"> <img decoding=\"async\" loading=\"lazy\" class=\"preload-me lazy-load\" src=\"data:image\/svg+xml,%3Csvg%20xmlns%3D&#39;http%3A%2F%2Fwww.w3.org%2F2000%2Fsvg&#39;%20viewBox%3D&#39;0%200%20600%20600&#39;%2F%3E\" data-src=\"https:\/\/airbnbee.com.br\/wp-content\/uploads\/2024\/10\/indisponivel3-600x600.jpg\" data-srcset=\"https:\/\/airbnbee.com.br\/wp-content\/uploads\/2024\/10\/indisponivel3-600x600.jpg 600w\" alt=\"\" title=\"indisponivel3\" width=\"600\" height=\"600\"  \/><\/div><h6  class=\"dt-owl-item-heading\">Mel de Janda\u00edra<\/h6><div class=\"dt-owl-item-description\">Mel de abelha nativa produzido no Amazonas<\/div><div class=\"dt-slide-button box-button elementor-button elementor-size-sm\">Veja mais<\/div><\/div><\/a><a  class=\"dt-owl-item-wrap box-hover box-hover\"  href=\"https:\/\/airbnbee.com.br\/index.php\/mel-de-jupara\/\"><div class=\"dt-owl-item-inner \"><div  class=\"dt-owl-item-image\"> <img decoding=\"async\" loading=\"lazy\" class=\"preload-me lazy-load\" src=\"data:image\/svg+xml,%3Csvg%20xmlns%3D&#39;http%3A%2F%2Fwww.w3.org%2F2000%2Fsvg&#39;%20viewBox%3D&#39;0%200%20600%20600&#39;%2F%3E\" data-src=\"https:\/\/airbnbee.com.br\/wp-content\/uploads\/2024\/10\/indisponivel2-600x600.jpg\" data-srcset=\"https:\/\/airbnbee.com.br\/wp-content\/uploads\/2024\/10\/indisponivel2-600x600.jpg 600w\" alt=\"\" title=\"indisponivel2\" width=\"600\" height=\"600\"  \/><\/div><h6  class=\"dt-owl-item-heading\">Mel de Jupar\u00e1 <\/h6><div class=\"dt-owl-item-description\">Mel de abelha nativa produzido no Amazonas<\/div><div class=\"dt-slide-button box-button elementor-button elementor-size-sm\">Veja mais<\/div><\/div><\/a><\/div><div class=\"owl-nav disabled\"><a class=\"owl-prev\" role=\"button\"><i class=\"the7bootstrap- the7-bootstrap-arrow-left-short\"><\/i><\/a><a class=\"owl-next\" role=\"button\"><i class=\"the7bootstrap- the7-bootstrap-arrow-right-short\"><\/i><\/a><\/div>\t\t<\/div>\n\t\t\t\t<\/div>\n\t\t\t\t\t<\/div>\n\t\t<\/div>\n\t\t\t\t\t\t\t<\/div>\n\t\t<\/section>\n\t\t\t\t\t\t\t<\/div>\n\t\t","protected":false},"excerpt":{"rendered":"<p>Produtos Livro &#8211; Coisas Abelhudas que todo mundo precisa saber Wanda Ziviani Alc\u00e2ntara Coisas Abelhudas que todo mundo precisa saber: Duvido algu\u00e9m ler esse livro e n\u00e3o se surpreender! Abelha azul, abelha no surf, abelha dorminhoca, mel colorido, como assim? Nesse livro voc\u00ea pode acessar v\u00eddeos com estas e outras curiosidades sobre as abelhas, usando&hellip;<\/p>\n","protected":false},"author":1,"featured_media":78926,"parent":0,"menu_order":0,"comment_status":"closed","ping_status":"closed","template":"elementor_header_footer","meta":{"om_disable_all_campaigns":false,"_monsterinsights_skip_tracking":false,"_monsterinsights_sitenote_active":false,"_monsterinsights_sitenote_note":"","_monsterinsights_sitenote_category":0},"aioseo_notices":[],"_links":{"self":[{"href":"https:\/\/airbnbee.com.br\/index.php\/wp-json\/wp\/v2\/pages\/78687"}],"collection":[{"href":"https:\/\/airbnbee.com.br\/index.php\/wp-json\/wp\/v2\/pages"}],"about":[{"href":"https:\/\/airbnbee.com.br\/index.php\/wp-json\/wp\/v2\/types\/page"}],"author":[{"embeddable":true,"href":"https:\/\/airbnbee.com.br\/index.php\/wp-json\/wp\/v2\/users\/1"}],"replies":[{"embeddable":true,"href":"https:\/\/airbnbee.com.br\/index.php\/wp-json\/wp\/v2\/comments?post=78687"}],"version-history":[{"count":23,"href":"https:\/\/airbnbee.com.br\/index.php\/wp-json\/wp\/v2\/pages\/78687\/revisions"}],"predecessor-version":[{"id":79217,"href":"https:\/\/airbnbee.com.br\/index.php\/wp-json\/wp\/v2\/pages\/78687\/revisions\/79217"}],"wp:featuredmedia":[{"embeddable":true,"href":"https:\/\/airbnbee.com.br\/index.php\/wp-json\/wp\/v2\/media\/78926"}],"wp:attachment":[{"href":"https:\/\/airbnbee.com.br\/index.php\/wp-json\/wp\/v2\/media?parent=78687"}],"curies":[{"name":"wp","href":"https:\/\/api.w.org\/{rel}","templated":true}]}}