{"id":78413,"date":"2022-11-18T14:30:23","date_gmt":"2022-11-18T14:30:23","guid":{"rendered":"https:\/\/airbnbee.com.br\/?page_id=78413"},"modified":"2022-11-18T14:41:42","modified_gmt":"2022-11-18T14:41:42","slug":"mapa-de-acoes","status":"publish","type":"page","link":"https:\/\/airbnbee.com.br\/index.php\/mapa-de-acoes\/","title":{"rendered":"Mapa de a\u00e7\u00f5es"},"content":{"rendered":"\t\t<div data-elementor-type=\"wp-page\" data-elementor-id=\"78413\" class=\"elementor elementor-78413\">\n\t\t\t\t\t\t\t\t\t<section class=\"elementor-section elementor-top-section elementor-element elementor-element-ef14c89 elementor-section-content-middle elementor-section-height-min-height elementor-section-boxed elementor-section-height-default elementor-section-items-middle\" data-id=\"ef14c89\" data-element_type=\"section\" data-settings=\"{&quot;background_background&quot;:&quot;classic&quot;}\">\n\t\t\t\t\t\t<div class=\"elementor-container elementor-column-gap-wider\">\n\t\t\t\t\t<div class=\"elementor-column elementor-col-100 elementor-top-column elementor-element elementor-element-790b0d51\" data-id=\"790b0d51\" data-element_type=\"column\">\n\t\t\t<div class=\"elementor-widget-wrap elementor-element-populated\">\n\t\t\t\t\t\t\t\t<div class=\"elementor-element elementor-element-5b7db28b elementor-widget__width-auto elementor-widget elementor-widget-heading\" data-id=\"5b7db28b\" data-element_type=\"widget\" data-widget_type=\"heading.default\">\n\t\t\t\t<div class=\"elementor-widget-container\">\n\t\t\t<h2 class=\"elementor-heading-title elementor-size-default\">Servi\u00e7os<\/h2>\t\t<\/div>\n\t\t\t\t<\/div>\n\t\t\t\t<div class=\"elementor-element elementor-element-4e668c72 elementor-widget elementor-widget-spacer\" data-id=\"4e668c72\" data-element_type=\"widget\" data-widget_type=\"spacer.default\">\n\t\t\t\t<div class=\"elementor-widget-container\">\n\t\t\t\t\t<div class=\"elementor-spacer\">\n\t\t\t<div class=\"elementor-spacer-inner\"><\/div>\n\t\t<\/div>\n\t\t\t\t<\/div>\n\t\t\t\t<\/div>\n\t\t\t\t<div class=\"elementor-element elementor-element-3804e7ca elementor-widget-tablet__width-inherit elementor-widget elementor-widget-image\" data-id=\"3804e7ca\" data-element_type=\"widget\" data-widget_type=\"image.default\">\n\t\t\t\t<div class=\"elementor-widget-container\">\n\t\t\t\t\t\t\t\t\t\t\t\t\t\t\t<img decoding=\"async\" src=\"https:\/\/airbnbee.com.br\/wp-content\/uploads\/elementor\/thumbs\/a6-1-pwue9lwm9p791u9og0jox4vlmdi8wgjbjve6q6evhk.png\" title=\"a6\" alt=\"a6\" \/>\t\t\t\t\t\t\t\t\t\t\t\t\t\t\t<\/div>\n\t\t\t\t<\/div>\n\t\t\t\t<div class=\"elementor-element elementor-element-55a0de elementor-widget__width-initial elementor-widget elementor-widget-heading\" data-id=\"55a0de\" data-element_type=\"widget\" data-widget_type=\"heading.default\">\n\t\t\t\t<div class=\"elementor-widget-container\">\n\t\t\t<h2 class=\"elementor-heading-title elementor-size-default\">Mapa de a\u00e7\u00f5es<\/h2>\t\t<\/div>\n\t\t\t\t<\/div>\n\t\t\t\t\t<\/div>\n\t\t<\/div>\n\t\t\t\t\t\t\t<\/div>\n\t\t<\/section>\n\t\t\t\t<section class=\"elementor-section elementor-top-section elementor-element elementor-element-3f131f6d elementor-section-boxed elementor-section-height-default elementor-section-height-default\" data-id=\"3f131f6d\" data-element_type=\"section\" data-settings=\"{&quot;background_background&quot;:&quot;classic&quot;}\">\n\t\t\t\t\t\t<div class=\"elementor-container elementor-column-gap-wider\">\n\t\t\t\t\t<div class=\"elementor-column elementor-col-100 elementor-top-column elementor-element elementor-element-34974bc1\" data-id=\"34974bc1\" data-element_type=\"column\">\n\t\t\t<div class=\"elementor-widget-wrap elementor-element-populated\">\n\t\t\t\t\t\t\t\t<div class=\"elementor-element elementor-element-17278afa elementor-widget elementor-widget-heading\" data-id=\"17278afa\" data-element_type=\"widget\" data-widget_type=\"heading.default\">\n\t\t\t\t<div class=\"elementor-widget-container\">\n\t\t\t<h2 class=\"elementor-heading-title elementor-size-default\">Veja no mapa a \u00e1rea de influ\u00eancia de nossas a\u00e7\u00f5es<\/h2>\t\t<\/div>\n\t\t\t\t<\/div>\n\t\t\t\t\t<\/div>\n\t\t<\/div>\n\t\t\t\t\t\t\t<\/div>\n\t\t<\/section>\n\t\t\t\t<section class=\"elementor-section elementor-top-section elementor-element elementor-element-d35fa2f elementor-section-boxed elementor-section-height-default elementor-section-height-default\" data-id=\"d35fa2f\" data-element_type=\"section\" data-settings=\"{&quot;background_background&quot;:&quot;classic&quot;}\">\n\t\t\t\t\t\t<div class=\"elementor-container elementor-column-gap-wider\">\n\t\t\t\t\t<div class=\"elementor-column elementor-col-100 elementor-top-column elementor-element elementor-element-fb91be0\" data-id=\"fb91be0\" data-element_type=\"column\">\n\t\t\t<div class=\"elementor-widget-wrap elementor-element-populated\">\n\t\t\t\t\t\t\t\t<div class=\"elementor-element elementor-element-2772141 elementor-widget elementor-widget-shortcode\" data-id=\"2772141\" data-element_type=\"widget\" data-widget_type=\"shortcode.default\">\n\t\t\t\t<div class=\"elementor-widget-container\">\n\t\t\t\t\t<div class=\"elementor-shortcode\"><iframe loading=\"lazy\" src=\"https:\/\/www.google.com\/maps\/d\/u\/0\/embed?mid=1n5qy4jFpl6r3ozJXj1mmpjQyvnFBQ9M&ehbc=2E312F\" width=\"640\" height=\"480\"><\/iframe><\/div>\n\t\t\t\t<\/div>\n\t\t\t\t<\/div>\n\t\t\t\t\t<\/div>\n\t\t<\/div>\n\t\t\t\t\t\t\t<\/div>\n\t\t<\/section>\n\t\t\t\t<section class=\"elementor-section elementor-top-section elementor-element elementor-element-05b9bd3 elementor-section-boxed elementor-section-height-default elementor-section-height-default\" data-id=\"05b9bd3\" data-element_type=\"section\">\n\t\t\t\t\t\t<div class=\"elementor-container elementor-column-gap-default\">\n\t\t\t\t\t<div class=\"elementor-column elementor-col-100 elementor-top-column elementor-element elementor-element-38ace81\" data-id=\"38ace81\" data-element_type=\"column\">\n\t\t\t<div class=\"elementor-widget-wrap elementor-element-populated\">\n\t\t\t\t\t\t\t\t<div class=\"elementor-element elementor-element-4d6a40e elementor-widget-divider--view-line elementor-widget elementor-widget-divider\" data-id=\"4d6a40e\" data-element_type=\"widget\" data-widget_type=\"divider.default\">\n\t\t\t\t<div class=\"elementor-widget-container\">\n\t\t\t\t\t<div class=\"elementor-divider\">\n\t\t\t<span class=\"elementor-divider-separator\">\n\t\t\t\t\t\t<\/span>\n\t\t<\/div>\n\t\t\t\t<\/div>\n\t\t\t\t<\/div>\n\t\t\t\t\t<\/div>\n\t\t<\/div>\n\t\t\t\t\t\t\t<\/div>\n\t\t<\/section>\n\t\t\t\t<section class=\"elementor-section elementor-top-section elementor-element elementor-element-652ba032 elementor-section-boxed elementor-section-height-default elementor-section-height-default\" data-id=\"652ba032\" data-element_type=\"section\" data-settings=\"{&quot;background_background&quot;:&quot;classic&quot;}\">\n\t\t\t\t\t\t<div class=\"elementor-container elementor-column-gap-wider\">\n\t\t\t\t\t<div class=\"elementor-column elementor-col-100 elementor-top-column elementor-element elementor-element-65dbad6c\" data-id=\"65dbad6c\" data-element_type=\"column\">\n\t\t\t<div class=\"elementor-widget-wrap elementor-element-populated\">\n\t\t\t\t\t\t\t\t<div class=\"elementor-element elementor-element-3f22fe3d elementor-widget elementor-widget-heading\" data-id=\"3f22fe3d\" data-element_type=\"widget\" data-widget_type=\"heading.default\">\n\t\t\t\t<div class=\"elementor-widget-container\">\n\t\t\t<h2 class=\"elementor-heading-title elementor-size-default\">Veja Tamb\u00e9m<\/h2>\t\t<\/div>\n\t\t\t\t<\/div>\n\t\t\t\t<div class=\"elementor-element elementor-element-4879bcfd elementor-widget elementor-widget-spacer\" data-id=\"4879bcfd\" data-element_type=\"widget\" data-widget_type=\"spacer.default\">\n\t\t\t\t<div class=\"elementor-widget-container\">\n\t\t\t\t\t<div class=\"elementor-spacer\">\n\t\t\t<div class=\"elementor-spacer-inner\"><\/div>\n\t\t<\/div>\n\t\t\t\t<\/div>\n\t\t\t\t<\/div>\n\t\t\t\t<div class=\"elementor-element elementor-element-0e31f54 elementor-widget__width-initial arrows-relative-to-box_area slider-layout_1 slide-h-position-center elementor-widget elementor-widget-the7_content_carousel\" data-id=\"0e31f54\" data-element_type=\"widget\" data-widget_type=\"the7_content_carousel.default\">\n\t\t\t\t<div class=\"elementor-widget-container\">\n\t\t\t<div class=\"carousel-nav-display-always   disable-arrows-hover-bg owl-carousel text-and-icon-carousel elementor-owl-carousel-call the7-elementor-widget the7_content_carousel-0e31f54 bullets-scale-up\" data-arrows=\"true\" data-arrows_tablet=\"true\" data-arrows_mobile=\"true\" data-scroll-mode=\"1\" data-col-num=\"3\" data-wide-col-num=\"\" data-laptop-col=\"2\" data-h-tablet-columns-num=\"2\" data-v-tablet-columns-num=\"2\" data-phone-columns-num=\"1\" data-auto-height=\"false\" data-col-gap=\"60\" data-col-gap-tablet=\"\" data-col-gap-mobile=\"\" data-speed=\"600\" data-autoplay=\"false\" data-autoplay_speed=\"\" data-bullet=\"n\" data-bullet_tablet=\"\" data-bullet_mobile=\"\"><div  class=\"dt-owl-item-wrap elements-hover elements-hover\"  ><div class=\"dt-owl-item-inner \"><a href=\"https:\/\/airbnbee.com.br\/index.php\/consultoria\/\" class=\"dt-owl-item-image\"> <img decoding=\"async\" loading=\"lazy\" class=\"preload-me lazy-load\" src=\"data:image\/svg+xml,%3Csvg%20xmlns%3D&#39;http%3A%2F%2Fwww.w3.org%2F2000%2Fsvg&#39;%20viewBox%3D&#39;0%200%20694%20694&#39;%2F%3E\" data-src=\"https:\/\/airbnbee.com.br\/wp-content\/uploads\/2022\/10\/a.png\" data-srcset=\"https:\/\/airbnbee.com.br\/wp-content\/uploads\/2022\/10\/a.png 694w\" alt=\"\" title=\"a\" width=\"694\" height=\"694\"  \/><\/a><h4  class=\"dt-owl-item-heading\"><a href=\"https:\/\/airbnbee.com.br\/index.php\/consultoria\/\">Consultoria<\/a><\/h4><div class=\"dt-owl-item-description\">Implanta\u00e7\u00e3o de melipon\u00e1rios, apoio no manejo de enxames, regulariza\u00e7\u00e3o ambiental no Estado de S\u00e3o Paulo<\/div><a href=\"https:\/\/airbnbee.com.br\/index.php\/consultoria\/\" class=\"dt-slide-button box-button elementor-button elementor-size-md\">Veja Mais<\/a><\/div><\/div><div  class=\"dt-owl-item-wrap elements-hover elements-hover\"  ><div class=\"dt-owl-item-inner \"><a href=\"https:\/\/airbnbee.com.br\/index.php\/projetos-educacionais\/\" class=\"dt-owl-item-image\"> <img decoding=\"async\" loading=\"lazy\" class=\"preload-me lazy-load\" src=\"data:image\/svg+xml,%3Csvg%20xmlns%3D&#39;http%3A%2F%2Fwww.w3.org%2F2000%2Fsvg&#39;%20viewBox%3D&#39;0%200%20694%20694&#39;%2F%3E\" data-src=\"https:\/\/airbnbee.com.br\/wp-content\/uploads\/2022\/10\/a2-2.png\" data-srcset=\"https:\/\/airbnbee.com.br\/wp-content\/uploads\/2022\/10\/a2-2.png 694w\" alt=\"\" title=\"a2\" width=\"694\" height=\"694\"  \/><\/a><h4  class=\"dt-owl-item-heading\"><a href=\"https:\/\/airbnbee.com.br\/index.php\/projetos-educacionais\/\">Projetos educacionais<\/a><\/h4><div class=\"dt-owl-item-description\">Atividades em escolas, oficinas, palestras, participa\u00e7\u00f5es em eventos, exposi\u00e7\u00f5es de enxames, degusta\u00e7\u00e3o de m\u00e9is e divulga\u00e7\u00e3o em m\u00eddias sociais<\/div><a href=\"https:\/\/airbnbee.com.br\/index.php\/projetos-educacionais\/\" class=\"dt-slide-button box-button elementor-button elementor-size-md\">Veja Mais<\/a><\/div><\/div><div  class=\"dt-owl-item-wrap elements-hover elements-hover\"  ><div class=\"dt-owl-item-inner \"><a href=\"https:\/\/airbnbee.com.br\/index.php\/oficinas\/\" class=\"dt-owl-item-image\"> <img decoding=\"async\" loading=\"lazy\" class=\"preload-me lazy-load\" src=\"data:image\/svg+xml,%3Csvg%20xmlns%3D&#39;http%3A%2F%2Fwww.w3.org%2F2000%2Fsvg&#39;%20viewBox%3D&#39;0%200%20694%20694&#39;%2F%3E\" data-src=\"https:\/\/airbnbee.com.br\/wp-content\/uploads\/2022\/10\/a4-1.png\" data-srcset=\"https:\/\/airbnbee.com.br\/wp-content\/uploads\/2022\/10\/a4-1.png 694w\" alt=\"\" title=\"a4\" width=\"694\" height=\"694\"  \/><\/a><h4  class=\"dt-owl-item-heading\"><a href=\"https:\/\/airbnbee.com.br\/index.php\/oficinas\/\">Oficinas<\/a><\/h4><div class=\"dt-owl-item-description\">Oficinas com objetivo de apresentar os princ\u00edpios b\u00e1sicos da cria\u00e7\u00e3o de abelhas sem ferrao e o conhecimento de algumas esp\u00e9cies nativas de S\u00e3o Paulo<\/div><a href=\"https:\/\/airbnbee.com.br\/index.php\/oficinas\/\" class=\"dt-slide-button box-button elementor-button elementor-size-md\">Veja Mais<\/a><\/div><\/div><div  class=\"dt-owl-item-wrap elements-hover elements-hover\"  ><div class=\"dt-owl-item-inner \"><a href=\"https:\/\/airbnbee.com.br\/index.php\/portifolio\/\" class=\"dt-owl-item-image\"> <img decoding=\"async\" loading=\"lazy\" class=\"preload-me lazy-load\" src=\"data:image\/svg+xml,%3Csvg%20xmlns%3D&#39;http%3A%2F%2Fwww.w3.org%2F2000%2Fsvg&#39;%20viewBox%3D&#39;0%200%20694%20694&#39;%2F%3E\" data-src=\"https:\/\/airbnbee.com.br\/wp-content\/uploads\/2022\/10\/a5-1.png\" data-srcset=\"https:\/\/airbnbee.com.br\/wp-content\/uploads\/2022\/10\/a5-1.png 694w\" alt=\"\" title=\"a5\" width=\"694\" height=\"694\"  \/><\/a><h4  class=\"dt-owl-item-heading\"><a href=\"https:\/\/airbnbee.com.br\/index.php\/portifolio\/\">Portf\u00f3lio<\/a><\/h4><div class=\"dt-owl-item-description\">Conhe\u00e7a alguns projetos que j\u00e1 realizamos<\/div><a href=\"https:\/\/airbnbee.com.br\/index.php\/portifolio\/\" class=\"dt-slide-button box-button elementor-button elementor-size-md\">Veja Mais<\/a><\/div><\/div><div  class=\"dt-owl-item-wrap elements-hover elements-hover\"  ><div class=\"dt-owl-item-inner \"><a href=\"https:\/\/airbnbee.com.br\/index.php\/mapa-de-acoes\/\" class=\"dt-owl-item-image\"> <img decoding=\"async\" loading=\"lazy\" class=\"preload-me lazy-load\" src=\"data:image\/svg+xml,%3Csvg%20xmlns%3D&#39;http%3A%2F%2Fwww.w3.org%2F2000%2Fsvg&#39;%20viewBox%3D&#39;0%200%20694%20694&#39;%2F%3E\" data-src=\"https:\/\/airbnbee.com.br\/wp-content\/uploads\/2022\/10\/a6-1.png\" data-srcset=\"https:\/\/airbnbee.com.br\/wp-content\/uploads\/2022\/10\/a6-1.png 694w\" alt=\"\" title=\"a6\" width=\"694\" height=\"694\"  \/><\/a><h4  class=\"dt-owl-item-heading\"><a href=\"https:\/\/airbnbee.com.br\/index.php\/mapa-de-acoes\/\">Mapa de a\u00e7\u00f5es<\/a><\/h4><div class=\"dt-owl-item-description\">Veja no mapa a \u00e1rea de influ\u00eancia de nossas a\u00e7\u00f5es<\/div><a href=\"https:\/\/airbnbee.com.br\/index.php\/mapa-de-acoes\/\" class=\"dt-slide-button box-button elementor-button elementor-size-md\">Veja Mais<\/a><\/div><\/div><\/div><div class=\"owl-nav disabled\"><a class=\"owl-prev\" role=\"button\"><i class=\"the7bootstrap- the7-bootstrap-chevron-left\"><\/i><\/a><a class=\"owl-next\" role=\"button\"><i class=\"the7bootstrap- the7-bootstrap-chevron-right\"><\/i><\/a><\/div>\t\t<\/div>\n\t\t\t\t<\/div>\n\t\t\t\t\t<\/div>\n\t\t<\/div>\n\t\t\t\t\t\t\t<\/div>\n\t\t<\/section>\n\t\t\t\t\t\t\t<\/div>\n\t\t","protected":false},"excerpt":{"rendered":"<p>Servi\u00e7os Mapa de a\u00e7\u00f5es Veja no mapa a \u00e1rea de influ\u00eancia de nossas a\u00e7\u00f5es Veja Tamb\u00e9m Consultoria Implanta\u00e7\u00e3o de melipon\u00e1rios, apoio no manejo de enxames, regulariza\u00e7\u00e3o ambiental no Estado de S\u00e3o PauloVeja Mais Projetos educacionais Atividades em escolas, oficinas, palestras, participa\u00e7\u00f5es em eventos, exposi\u00e7\u00f5es de enxames, degusta\u00e7\u00e3o de m\u00e9is e divulga\u00e7\u00e3o em m\u00eddias sociaisVeja Mais&hellip;<\/p>\n","protected":false},"author":1,"featured_media":0,"parent":0,"menu_order":0,"comment_status":"closed","ping_status":"closed","template":"elementor_header_footer","meta":{"om_disable_all_campaigns":false,"_monsterinsights_skip_tracking":false,"_monsterinsights_sitenote_active":false,"_monsterinsights_sitenote_note":"","_monsterinsights_sitenote_category":0},"aioseo_notices":[],"_links":{"self":[{"href":"https:\/\/airbnbee.com.br\/index.php\/wp-json\/wp\/v2\/pages\/78413"}],"collection":[{"href":"https:\/\/airbnbee.com.br\/index.php\/wp-json\/wp\/v2\/pages"}],"about":[{"href":"https:\/\/airbnbee.com.br\/index.php\/wp-json\/wp\/v2\/types\/page"}],"author":[{"embeddable":true,"href":"https:\/\/airbnbee.com.br\/index.php\/wp-json\/wp\/v2\/users\/1"}],"replies":[{"embeddable":true,"href":"https:\/\/airbnbee.com.br\/index.php\/wp-json\/wp\/v2\/comments?post=78413"}],"version-history":[{"count":13,"href":"https:\/\/airbnbee.com.br\/index.php\/wp-json\/wp\/v2\/pages\/78413\/revisions"}],"predecessor-version":[{"id":78441,"href":"https:\/\/airbnbee.com.br\/index.php\/wp-json\/wp\/v2\/pages\/78413\/revisions\/78441"}],"wp:attachment":[{"href":"https:\/\/airbnbee.com.br\/index.php\/wp-json\/wp\/v2\/media?parent=78413"}],"curies":[{"name":"wp","href":"https:\/\/api.w.org\/{rel}","templated":true}]}}